{"id":506,"date":"2020-09-24T08:54:31","date_gmt":"2020-09-24T08:54:31","guid":{"rendered":"http:\/\/franciscavilloslada.com\/?page_id=506"},"modified":"2022-05-04T11:23:47","modified_gmt":"2022-05-04T11:23:47","slug":"home-2","status":"publish","type":"page","link":"https:\/\/franciscavilloslada.com\/","title":{"rendered":"Home"},"content":{"rendered":"<p>[cl_slider fullheight=&#8221;1&#8243;][cl_slide][cl_row fullheight=&#8221;1&#8243; css_style=&#8221;{&#8216;padding-top&#8217;:&#8217;45px&#8217;,&#8217;padding-bottom&#8217;:&#8217;45px&#8217;}_-_json&#8221; text_color=&#8221;light-text&#8221; background_color=&#8221;#222222&#8243; content_pos=&#8221;bottom&#8221; background_image=&#8221;{&#8216;uploading&#8217;:&#8217;false&#8217;,&#8217;date&#8217;:&#8217;1590574499000&#8242;,&#8217;filename&#8217;:&#8217;jo7.jpg&#8217;,&#8217;menuOrder&#8217;:&#8217;0&#8242;,&#8217;uploadedTo&#8217;:&#8217;0&#8242;,&#8217;type&#8217;:&#8217;image&#8217;,&#8217;subtype&#8217;:&#8217;jpeg&#8217;,&#8217;alt&#8217;:&#8221;,&#8217;title&#8217;:&#8217;jo7&#8242;,&#8217;caption&#8217;:&#8221;,&#8217;description&#8217;:&#8221;,&#8217;url&#8217;:&#8217;http%3A%2F%2Ffranciscavilloslada.com%2Fwp-content%2Fuploads%2F2020%2F05%2Fjo7.jpg&#8217;,&#8217;id&#8217;:&#8217;340&#8242;,&#8217;link&#8217;:&#8217;http%3A%2F%2Ffranciscavilloslada.com%2Fjo7%2F&#8217;,&#8217;author&#8217;:&#8217;1&#8242;,&#8217;name&#8217;:&#8217;jo7&#8242;,&#8217;status&#8217;:&#8217;inherit&#8217;,&#8217;modified&#8217;:&#8217;1590574499000&#8242;,&#8217;mime&#8217;:&#8217;image%2Fjpeg&#8217;,&#8217;icon&#8217;:&#8217;http%3A%2F%2Ffranciscavilloslada.com%2Fwp-includes%2Fimages%2Fmedia%2Fdefault.png&#8217;,&#8217;dateFormatted&#8217;:&#8217;27%20de%20Maig%20de%202020&#8242;,&#8217;nonces&#8217;:&#8217;%5Bobject%20Object%5D&#8217;,&#8217;editLink&#8217;:&#8217;http%3A%2F%2Ffranciscavilloslada.com%2Fwp-admin%2Fpost.php%3Fpost%3D340%26action%3Dedit&#8217;,&#8217;meta&#8217;:&#8217;false&#8217;,&#8217;authorName&#8217;:&#8217;admin&#8217;,&#8217;filesizeInBytes&#8217;:&#8217;451042&#8242;,&#8217;filesizeHumanReadable&#8217;:&#8217;440%20KB&#8217;,&#8217;context&#8217;:&#8221;,&#8217;height&#8217;:&#8217;754&#8242;,&#8217;width&#8217;:&#8217;1652&#8242;,&#8217;orientation&#8217;:&#8217;landscape&#8217;,&#8217;sizes&#8217;:&#8217;%5Bobject%20Object%5D&#8217;,&#8217;compat&#8217;:&#8217;%5Bobject%20Object%5D&#8217;}_-_json&#8221; overlay_color=&#8221;#222222&#8243; overlay_opacity=&#8221;0.55&#8243; background_blend=&#8221;soft-light&#8221; background_position=&#8221;left center&#8221; overlay=&#8221;color&#8221;][cl_column css_style=&#8221;{&#8216;padding-top&#8217;:&#8217;20px&#8217;,&#8217;padding-bottom&#8217;:&#8217;60px&#8217;}_-_json&#8221; text_color=&#8221;light-text&#8221;][cl_custom_heading typography=&#8221;custom_font&#8221; text_font_size=&#8221;50&#8243; text_font_weight=&#8221;300&#8243; text_line_height=&#8221;60&#8243; text_transform=&#8221;none&#8221; text_color=&#8221;#1fb4cc&#8221; css_style=&#8221;{&#8216;margin-top&#8217;:&#8217;35px&#8217;}_-_json&#8221; animation=&#8221;bottom-t-top&#8221; animation_delay=&#8221;200&#8243; custom_responsive_992_bool=&#8221;1&#8243; custom_responsive_992_size=&#8221;20px&#8221; custom_responsive_768_bool=&#8221;1&#8243;]<\/p>\n<p><mark class=\"highlight\">Hola! Soc Xisca Villoslada,<\/mark><\/p>\n<p>[\/cl_custom_heading][cl_custom_heading css_style=&#8221;{&#8216;margin-top&#8217;:&#8217;35px&#8217;}_-_json&#8221; animation=&#8221;bottom-t-top&#8221; animation_delay=&#8221;300&#8243; custom_responsive_992_size=&#8221;20px&#8221; custom_responsive_992_bool=&#8221;1&#8243; custom_responsive_768_bool=&#8221;1&#8243;]<\/p>\n<p>disenyadora gr\u00e0fica i il\u00b7lustradora freelance.<\/p>\n<div>Benvinguts a la meva web<\/div>\n<p>[\/cl_custom_heading][\/cl_column][\/cl_row][\/cl_slide][cl_slide][cl_row fullheight=&#8221;1&#8243; css_style=&#8221;{&#8216;padding-top&#8217;:&#8217;45px&#8217;,&#8217;padding-bottom&#8217;:&#8217;45px&#8217;}_-_json&#8221; text_color=&#8221;light-text&#8221; background_color=&#8221;#222222&#8243; content_pos=&#8221;bottom&#8221; background_image=&#8221;{}_-_json&#8221; overlay_color=&#8221;#222222&#8243; overlay_opacity=&#8221;0.6&#8243; background_blend=&#8221;soft-light&#8221; row_id=&#8221;welcome&#8221; overlay=&#8221;color&#8221;][cl_column css_style=&#8221;{&#8216;padding-top&#8217;:&#8217;20px&#8217;,&#8217;padding-bottom&#8217;:&#8217;60px&#8217;}_-_json&#8221; text_color=&#8221;light-text&#8221;][cl_custom_heading typography=&#8221;custom_font&#8221; text_font_size=&#8221;50&#8243; text_font_weight=&#8221;300&#8243; text_line_height=&#8221;60&#8243; text_transform=&#8221;none&#8221; text_color=&#8221;#d1198d&#8221; css_style=&#8221;{&#8216;margin-top&#8217;:&#8217;35px&#8217;}_-_json&#8221; animation=&#8221;bottom-t-top&#8221; animation_delay=&#8221;200&#8243; custom_responsive_992_bool=&#8221;1&#8243; custom_responsive_992_size=&#8221;20px&#8221; custom_responsive_768_bool=&#8221;1&#8243;]<\/p>\n<p><span style=\"color: #1fb4cc;\">Diseny gr\u00e0fic, il\u00b7lustraci\u00f3, disseny web&#8230;<\/span><\/p>\n<p>[\/cl_custom_heading][cl_custom_heading css_style=&#8221;{&#8216;margin-top&#8217;:&#8217;35px&#8217;}_-_json&#8221; animation=&#8221;bottom-t-top&#8221; animation_delay=&#8221;300&#8243; custom_responsive_992_bool=&#8221;1&#8243; custom_responsive_992_size=&#8221;20px&#8221; custom_responsive_768_bool=&#8221;1&#8243;]<\/p>\n<p>Tens un projecte? parlam<span style=\"display: inline !important;\">?<\/span><\/p>\n<p>[\/cl_custom_heading][\/cl_column][\/cl_row][\/cl_slide][\/cl_slider][cl_row css_style=&#8221;{&#8216;padding-top&#8217;:&#8217;70px&#8217;,&#8217;padding-bottom&#8217;:&#8217;45px&#8217;}_-_json&#8221; row_id=&#8221;portfolio&#8221; background_image=&#8221;{}_-_json&#8221;][cl_column css_style=&#8221;{&#8216;padding-top&#8217;:&#8217;20px&#8217;,&#8217;padding-bottom&#8217;:&#8217;20px&#8217;}_-_json&#8221;][cl_custom_heading typography=&#8221;h5&#8243; css_style=&#8221;{&#8216;margin-top&#8217;:&#8217;35px&#8217;}_-_json&#8221;]<\/p>\n<p>portfoli<\/p>\n<p>[\/cl_custom_heading][cl_custom_heading typography=&#8221;h3&#8243; css_style=&#8221;{&#8216;margin-top&#8217;:&#8217;20px&#8217;,&#8217;margin-bottom&#8217;:&#8217;35px&#8217;}_-_json&#8221;]<\/p>\n<p>Aquests s\u00f3n alguns dels meus projectes favorits<\/p>\n<p>[\/cl_custom_heading][cl_portfolio posts_per_page=&#8221;10&#8243; portfolio_overlay_color=&#8221;rgba(31,180,204,0.86)&#8221; layout=&#8221;masonry&#8221; orderby=&#8221;ID&#8221; image_filter=&#8221;darken&#8221; portfolio_overlay_layout=&#8221;icon_top_content_bottom&#8221; portfolio_overlay_content_animation=&#8221;bottom-t-top&#8221; portfolio_overlay_title_style=&#8221;h4&#8243; portfolio_overlay_icon_bool=&#8221;1&#8243; distance=&#8221;5&#8243;][\/cl_column][\/cl_row][cl_row css_style=&#8221;{&#8216;padding-top&#8217;:&#8217;35px&#8217;,&#8217;padding-bottom&#8217;:&#8217;20px&#8217;}_-_json&#8221; background_color=&#8221;#f9f9f9&#8243; row_id=&#8221;features&#8221; background_image=&#8221;{}_-_json&#8221;][cl_column css_style=&#8221;{&#8216;padding-top&#8217;:&#8217;30px&#8217;,&#8217;padding-bottom&#8217;:&#8217;0px&#8217;,&#8217;padding-left&#8217;:&#8217;20px&#8217;,&#8217;padding-right&#8217;:&#8217;20px&#8217;}_-_json&#8221;][cl_row_inner css_style=&#8221;{&#8216;margin-top&#8217;:&#8217;35px&#8217;}_-_json&#8221;][cl_column_inner width=&#8221;1\/2&#8243; css_style=&#8221;{&#8216;padding-top&#8217;:&#8217;10px&#8217;,&#8217;padding-bottom&#8217;:&#8217;10px&#8217;}_-_json&#8221;][cl_text css_style=&#8221;{&#8216;margin-top&#8217;:&#8217;35px&#8217;}_-_json&#8221;]<\/p>\n<p><b>20 anys d\u2019experi\u00e8ncia<\/b> com dissenyadora gr\u00e0fica i il\u00b7lustradora.<\/p>\n<p>Titulada com a T\u00e8cnica especialista, d\u2019Arts pl\u00e0stiques i disseny, en Il\u00b7lustraci\u00f3.<\/p>\n<p>Grau Multimedia a la Universitat Oberta de Catalunya (UOC).<\/p>\n<p>Centenars de projectes per una gran diversitat de sectors.<\/p>\n<p><b>M\u2019apassiona la meva feina.<\/b><\/p>\n<p>[\/cl_text][cl_custom_heading tag=&#8221;h3&#8243; typography=&#8221;h3&#8243; css_style=&#8221;{&#8216;margin-top&#8217;:&#8217;35px&#8217;}_-_json&#8221;]<\/p>\n<p>Em consider<\/p>\n<p>[\/cl_custom_heading][cl_text css_style=&#8221;{&#8216;margin-top&#8217;:&#8217;35px&#8217;}_-_json&#8221; margin_paragraphs=&#8221;0&#8243;]<\/p>\n<p style=\"margin-top: 0px; margin-bottom: 0px;\">una persona alegre y <b>positiva.<\/b><\/p>\n<p>[\/cl_text][cl_custom_heading tag=&#8221;h3&#8243; typography=&#8221;h3&#8243; css_style=&#8221;{&#8216;margin-top&#8217;:&#8217;35px&#8217;}_-_json&#8221;]<\/p>\n<p>El meu estil<\/p>\n<p>[\/cl_custom_heading][cl_text css_style=&#8221;{&#8216;margin-top&#8217;:&#8217;35px&#8217;}_-_json&#8221; margin_paragraphs=&#8221;0&#8243;]<\/p>\n<p style=\"margin-top: 0px; margin-bottom: 0px;\"><b>\u00e9s senzill i minimalista<\/b>, on nom\u00e9s tenen cabuda els elements esencials, <b>aquells que realment importen.\u00a0<\/b><\/p>\n<p>[\/cl_text][cl_custom_heading tag=&#8221;h3&#8243; typography=&#8221;h3&#8243; css_style=&#8221;{&#8216;margin-top&#8217;:&#8217;35px&#8217;}_-_json&#8221;]<\/p>\n<p>Ador<\/p>\n<p>[\/cl_custom_heading][cl_text css_style=&#8221;{&#8216;margin-top&#8217;:&#8217;35px&#8217;}_-_json&#8221;]<\/p>\n<p style=\"margin-top: 10px; margin-bottom: 10px;\">els espais oberts i lliures d\u2019obst\u00e0cles, el color blanc i el blau turquesa de la mar.<\/p>\n<p style=\"margin-top: 10px; margin-bottom: 10px;\">Un gest amable, un detall bonic, una mirada amb somriure\u2026 una abra\u00e7ada de les meses filles&#8230; i un pa\u00eds, Vietnam (el pa\u00eds on va n\u00e9ixer la meva filla gran)<\/p>\n<p>[\/cl_text][cl_text margin_paragraphs=&#8221;0&#8243; css_style=&#8221;{&#8216;margin-top&#8217;:&#8217;35px&#8217;}_-_json&#8221;]<\/p>\n<p>[\/cl_text][\/cl_column_inner][cl_column_inner width=&#8221;1\/2&#8243;][\/cl_column_inner][\/cl_row_inner][\/cl_column][\/cl_row][cl_row css_style=&#8221;{&#8216;padding-top&#8217;:&#8217;45px&#8217;,&#8217;padding-bottom&#8217;:&#8217;0px&#8217;}_-_json&#8221;][cl_column css_style=&#8221;{&#8216;padding-top&#8217;:&#8217;20px&#8217;,&#8217;padding-bottom&#8217;:&#8217;20px&#8217;}_-_json&#8221;][cl_custom_heading typography=&#8221;h5&#8243; css_style=&#8221;{&#8216;margin-top&#8217;:&#8217;35px&#8217;}_-_json&#8221;]<\/p>\n<p>Contacta<\/p>\n<p>[\/cl_custom_heading][cl_custom_heading typography=&#8221;h3&#8243; css_style=&#8221;{&#8216;margin-top&#8217;:&#8217;20px&#8217;,&#8217;margin-bottom&#8217;:&#8217;0px&#8217;}_-_json&#8221;]<\/p>\n<p>Parlam?<\/p>\n<p>[\/cl_custom_heading][\/cl_column][\/cl_row][cl_row css_style=&#8221;{&#8216;padding-top&#8217;:&#8217;0px&#8217;,&#8217;padding-bottom&#8217;:&#8217;45px&#8217;}_-_json&#8221;][cl_column width=&#8221;1\/3&#8243; css_style=&#8221;{&#8216;padding-top&#8217;:&#8217;0px&#8217;,&#8217;padding-bottom&#8217;:&#8217;20px&#8217;}_-_json&#8221;][cl_text margin_paragraphs=&#8221;0&#8243; custom_typography=&#8221;1&#8243; text_font_size=&#8221;18&#8243; text_line_height=&#8221;31&#8243; css_style=&#8221;{&#8216;margin-top&#8217;:&#8217;30px&#8217;,&#8217;margin-bottom&#8217;:&#8217;30px&#8217;}_-_json&#8221;]<\/p>\n<p>Tens un projecte i necessites ajuda de disseny o il\u00b7lustraci\u00f3, necessites una web? est\u00e0s cercant un col\u00b7laborador?<\/p>\n<p>Si vols con\u00e8ixer un poc millor la meva feina o simplement vols saludar ;)\u2026 Doncs emplena el formulari de contacte o telefona al 651 142 870. Estar\u00e9 encantada de con\u00e8ixer-te i parlar amb tu.<\/p>\n<p>[\/cl_text][cl_socialicon size=&#8221;18&#8243; color=&#8221;#222222&#8243; bcolor=&#8221;#222222&#8243; bgcolor=&#8221;&#8221; css_style=&#8221;{&#8216;margin-top&#8217;:&#8217;60px&#8217;}_-_json&#8221; add_twitter=&#8221;0&#8243; add_linkedin=&#8221;0&#8243; add_email=&#8221;0&#8243;][\/cl_column][cl_column width=&#8221;2\/3&#8243; css_style=&#8221;{&#8216;padding-top&#8217;:&#8217;20px&#8217;}_-_json&#8221;][cl_contact_form7 css_style=&#8221;{&#8216;margin-top&#8217;:&#8217;20px&#8217;}_-_json&#8221; id=&#8221;7&#8243;][\/cl_column][\/cl_row]<\/p>\n","protected":false},"excerpt":{"rendered":"<p>[cl_slider fullheight=&#8221;1&#8243;][cl_slide][cl_row fullheight=&#8221;1&#8243; css_style=&#8221;{&#8216;padding-top&#8217;:&#8217;45px&#8217;,&#8217;padding-bottom&#8217;:&#8217;45px&#8217;}_-_json&#8221; text_color=&#8221;light-text&#8221; background_color=&#8221;#222222&#8243; content_pos=&#8221;bottom&#8221; background_image=&#8221;{&#8216;uploading&#8217;:&#8217;false&#8217;,&#8217;date&#8217;:&#8217;1590574499000&#8242;,&#8217;filename&#8217;:&#8217;jo7.jpg&#8217;,&#8217;menuOrder&#8217;:&#8217;0&#8242;,&#8217;uploadedTo&#8217;:&#8217;0&#8242;,&#8217;type&#8217;:&#8217;image&#8217;,&#8217;subtype&#8217;:&#8217;jpeg&#8217;,&#8217;alt&#8217;:&#8221;,&#8217;title&#8217;:&#8217;jo7&#8242;,&#8217;caption&#8217;:&#8221;,&#8217;description&#8217;:&#8221;,&#8217;url&#8217;:&#8217;http%3A%2F%2Ffranciscavilloslada.com%2Fwp-content%2Fuploads%2F2020%2F05%2Fjo7.jpg&#8217;,&#8217;id&#8217;:&#8217;340&#8242;,&#8217;link&#8217;:&#8217;http%3A%2F%2Ffranciscavilloslada.com%2Fjo7%2F&#8217;,&#8217;author&#8217;:&#8217;1&#8242;,&#8217;name&#8217;:&#8217;jo7&#8242;,&#8217;status&#8217;:&#8217;inherit&#8217;,&#8217;modified&#8217;:&#8217;1590574499000&#8242;,&#8217;mime&#8217;:&#8217;image%2Fjpeg&#8217;,&#8217;icon&#8217;:&#8217;http%3A%2F%2Ffranciscavilloslada.com%2Fwp-includes%2Fimages%2Fmedia%2Fdefault.png&#8217;,&#8217;dateFormatted&#8217;:&#8217;27%20de%20Maig%20de%202020&#8242;,&#8217;nonces&#8217;:&#8217;%5Bobject%20Object%5D&#8217;,&#8217;editLink&#8217;:&#8217;http%3A%2F%2Ffranciscavilloslada.com%2Fwp-admin%2Fpost.php%3Fpost%3D340%26action%3Dedit&#8217;,&#8217;meta&#8217;:&#8217;false&#8217;,&#8217;authorName&#8217;:&#8217;admin&#8217;,&#8217;filesizeInBytes&#8217;:&#8217;451042&#8242;,&#8217;filesizeHumanReadable&#8217;:&#8217;440%20KB&#8217;,&#8217;context&#8217;:&#8221;,&#8217;height&#8217;:&#8217;754&#8242;,&#8217;width&#8217;:&#8217;1652&#8242;,&#8217;orientation&#8217;:&#8217;landscape&#8217;,&#8217;sizes&#8217;:&#8217;%5Bobject%20Object%5D&#8217;,&#8217;compat&#8217;:&#8217;%5Bobject%20Object%5D&#8217;}_-_json&#8221; overlay_color=&#8221;#222222&#8243; overlay_opacity=&#8221;0.55&#8243; background_blend=&#8221;soft-light&#8221; background_position=&#8221;left center&#8221; overlay=&#8221;color&#8221;][cl_column css_style=&#8221;{&#8216;padding-top&#8217;:&#8217;20px&#8217;,&#8217;padding-bottom&#8217;:&#8217;60px&#8217;}_-_json&#8221; text_color=&#8221;light-text&#8221;][cl_custom_heading typography=&#8221;custom_font&#8221; text_font_size=&#8221;50&#8243; text_font_weight=&#8221;300&#8243; text_line_height=&#8221;60&#8243; text_transform=&#8221;none&#8221; text_color=&#8221;#1fb4cc&#8221; css_style=&#8221;{&#8216;margin-top&#8217;:&#8217;35px&#8217;}_-_json&#8221; animation=&#8221;bottom-t-top&#8221; animation_delay=&#8221;200&#8243; custom_responsive_992_bool=&#8221;1&#8243; custom_responsive_992_size=&#8221;20px&#8221; custom_responsive_768_bool=&#8221;1&#8243;] Hola! Soc Xisca Villoslada, [\/cl_custom_heading][cl_custom_heading css_style=&#8221;{&#8216;margin-top&#8217;:&#8217;35px&#8217;}_-_json&#8221; animation=&#8221;bottom-t-top&#8221; animation_delay=&#8221;300&#8243; custom_responsive_992_size=&#8221;20px&#8221; custom_responsive_992_bool=&#8221;1&#8243; custom_responsive_768_bool=&#8221;1&#8243;] disenyadora [&hellip;]<\/p>\n","protected":false},"author":1,"featured_media":0,"parent":0,"menu_order":0,"comment_status":"closed","ping_status":"closed","template":"","meta":{"footnotes":""},"class_list":["post-506","page","type-page","status-publish","hentry"],"_links":{"self":[{"href":"https:\/\/franciscavilloslada.com\/index.php\/wp-json\/wp\/v2\/pages\/506","targetHints":{"allow":["GET"]}}],"collection":[{"href":"https:\/\/franciscavilloslada.com\/index.php\/wp-json\/wp\/v2\/pages"}],"about":[{"href":"https:\/\/franciscavilloslada.com\/index.php\/wp-json\/wp\/v2\/types\/page"}],"author":[{"embeddable":true,"href":"https:\/\/franciscavilloslada.com\/index.php\/wp-json\/wp\/v2\/users\/1"}],"replies":[{"embeddable":true,"href":"https:\/\/franciscavilloslada.com\/index.php\/wp-json\/wp\/v2\/comments?post=506"}],"version-history":[{"count":8,"href":"https:\/\/franciscavilloslada.com\/index.php\/wp-json\/wp\/v2\/pages\/506\/revisions"}],"predecessor-version":[{"id":653,"href":"https:\/\/franciscavilloslada.com\/index.php\/wp-json\/wp\/v2\/pages\/506\/revisions\/653"}],"wp:attachment":[{"href":"https:\/\/franciscavilloslada.com\/index.php\/wp-json\/wp\/v2\/media?parent=506"}],"curies":[{"name":"wp","href":"https:\/\/api.w.org\/{rel}","templated":true}]}}